{"id":273,"date":"2025-12-14T19:58:09","date_gmt":"2025-12-14T19:58:09","guid":{"rendered":"http:\/\/africainternationaldesignawards.local\/?page_id=273"},"modified":"2026-03-03T11:52:11","modified_gmt":"2026-03-03T11:52:11","slug":"about-aida-awards","status":"publish","type":"page","link":"https:\/\/elitus.hr\/africainternationaldesignawards\/about-aida-awards\/","title":{"rendered":"About AIDA"},"content":{"rendered":"\n<section  class=\"section hero \" data-delay=\"500\">\n\n  <div class=\"hero__wrapper\">\n    <div class=\"container container--wide\">\n      <div class=\"hero__content\">\n        \n        \n        \n        <div class=\"hero__buttons button-group launimation slideBottom\">\n          \n                  <\/div>\n      <\/div>\n    <\/div>\n\n          <img fetchpriority=\"high\" decoding=\"async\" loading=\"eager\" sizes=\"100vw\" src=\"https:\/\/elitus.hr\/africainternationaldesignawards\/wp-content\/uploads\/2026\/03\/header-04-1024x576.jpg\" srcset=\"https:\/\/elitus.hr\/africainternationaldesignawards\/wp-content\/uploads\/2026\/03\/header-04.jpg 1920w, https:\/\/elitus.hr\/africainternationaldesignawards\/wp-content\/uploads\/2026\/03\/header-04-1600x900.jpg 1600w, https:\/\/elitus.hr\/africainternationaldesignawards\/wp-content\/uploads\/2026\/03\/header-04-1366x768.jpg 1366w, https:\/\/elitus.hr\/africainternationaldesignawards\/wp-content\/uploads\/2026\/03\/header-04-1024x576.jpg 1024w, https:\/\/elitus.hr\/africainternationaldesignawards\/wp-content\/uploads\/2026\/03\/header-04-768x432.jpg 768w, https:\/\/elitus.hr\/africainternationaldesignawards\/wp-content\/uploads\/2026\/03\/header-04-550x309.jpg 550w\" class=\"hero__image\" alt=\"\" width=\"1024\" height=\"576\">    \n  <\/div><!-- content -->\n\n<\/section>\n\n\n\n\n  <section id=\"about-aida-awards\" class=\"section image-text  \" data-delay=\"500\">\n\n    <div class=\"container\">\n      <div class=\"image-text__wrapper  image-text__wrapper--30 align-items--start\">\n\n                  <div class=\"image-text__images launimation slideRight\">\n            <img decoding=\"async\" loading=\"lazy\" loading=\"lazy\" data-src=\"https:\/\/elitus.hr\/africainternationaldesignawards\/wp-content\/uploads\/2025\/12\/IMG-20251024-WA0006-1024x683.jpg\" data-srcset=\"https:\/\/elitus.hr\/africainternationaldesignawards\/wp-content\/uploads\/2025\/12\/IMG-20251024-WA0006.jpg 1280w, https:\/\/elitus.hr\/africainternationaldesignawards\/wp-content\/uploads\/2025\/12\/IMG-20251024-WA0006.jpg 1280w, https:\/\/elitus.hr\/africainternationaldesignawards\/wp-content\/uploads\/2025\/12\/IMG-20251024-WA0006.jpg 1280w, https:\/\/elitus.hr\/africainternationaldesignawards\/wp-content\/uploads\/2025\/12\/IMG-20251024-WA0006-1024x683.jpg 1024w, https:\/\/elitus.hr\/africainternationaldesignawards\/wp-content\/uploads\/2025\/12\/IMG-20251024-WA0006-768x512.jpg 768w, https:\/\/elitus.hr\/africainternationaldesignawards\/wp-content\/uploads\/2025\/12\/IMG-20251024-WA0006-550x367.jpg 550w\"sizes=\"auto, (max-width: 990px) 100vw, 500px\" src=\"https:\/\/elitus.hr\/africainternationaldesignawards\/wp-content\/uploads\/2025\/12\/IMG-20251024-WA0006-150x100.jpg\" srcset=\"https:\/\/elitus.hr\/africainternationaldesignawards\/wp-content\/uploads\/2025\/12\/IMG-20251024-WA0006.jpg 1280w, https:\/\/elitus.hr\/africainternationaldesignawards\/wp-content\/uploads\/2025\/12\/IMG-20251024-WA0006.jpg 1280w, https:\/\/elitus.hr\/africainternationaldesignawards\/wp-content\/uploads\/2025\/12\/IMG-20251024-WA0006.jpg 1280w, https:\/\/elitus.hr\/africainternationaldesignawards\/wp-content\/uploads\/2025\/12\/IMG-20251024-WA0006-1024x683.jpg 1024w, https:\/\/elitus.hr\/africainternationaldesignawards\/wp-content\/uploads\/2025\/12\/IMG-20251024-WA0006-768x512.jpg 768w, https:\/\/elitus.hr\/africainternationaldesignawards\/wp-content\/uploads\/2025\/12\/IMG-20251024-WA0006-550x367.jpg 550w\" class=\"image-text__image\" alt=\"\" width=\"1024\" height=\"683\">          <\/div>\n        \n        <div class=\"image-text__text\">\n                      <h2 class=\"image-text__heading launimation slideRight \">About AIDA Awards<\/h2>\n          \n                      <div class=\"image-text__desc launimation slideRight \">\n              <p data-start=\"317\" data-end=\"651\">AIDA Awards serves as an international stage to celebrate African designers while fostering a global conversation about Africa\u2019s role in shaping the future of design. By highlighting innovative solutions to the continent\u2019s diverse challenges, AIDA aims to spark conversations, inspire change, and increase international collaboration.<\/p>\n<p data-start=\"653\" data-end=\"1073\">Africa faces a unique set of challenges, ranging from rapid urbanisation and limited resources to social inequality and environmental pressures that demand creative and practical solutions. In this context, design plays a powerful role as a tool for problem-solving, cultural expression, and sustainable development. African designers are responding with innovation rooted in local knowledge, traditions, and resilience.<\/p>\n\t\t  \t<\/div>\n          \n\t\t  \n                  <\/div>\n\n      <\/div><!-- container-double -->\n    <\/div><!-- container -->\n\n  <\/section>\n\n\n\n\n  <section id=\"aida-awards-is-driven-by-collaboration\" class=\"section image-text  bg bg--light\" data-delay=\"500\">\n\n    <div class=\"container\">\n      <div class=\"image-text__wrapper image-text__wrapper--reversed image-text__wrapper--30 align-items--start\">\n\n                  <div class=\"image-text__images launimation slideRight\">\n            <img decoding=\"async\" loading=\"lazy\" loading=\"lazy\" data-src=\"https:\/\/elitus.hr\/africainternationaldesignawards\/wp-content\/uploads\/2025\/07\/Layer_1.png\" data-srcset=\"https:\/\/elitus.hr\/africainternationaldesignawards\/wp-content\/uploads\/2025\/07\/Layer_1.png 635w, https:\/\/elitus.hr\/africainternationaldesignawards\/wp-content\/uploads\/2025\/07\/Layer_1.png 635w, https:\/\/elitus.hr\/africainternationaldesignawards\/wp-content\/uploads\/2025\/07\/Layer_1.png 635w, https:\/\/elitus.hr\/africainternationaldesignawards\/wp-content\/uploads\/2025\/07\/Layer_1.png 635w, https:\/\/elitus.hr\/africainternationaldesignawards\/wp-content\/uploads\/2025\/07\/Layer_1.png 635w, https:\/\/elitus.hr\/africainternationaldesignawards\/wp-content\/uploads\/2025\/07\/Layer_1-550x549.png 550w\"sizes=\"auto, (max-width: 990px) 100vw, 500px\" src=\"https:\/\/elitus.hr\/africainternationaldesignawards\/wp-content\/uploads\/2025\/07\/Layer_1-150x150.png\" srcset=\"https:\/\/elitus.hr\/africainternationaldesignawards\/wp-content\/uploads\/2025\/07\/Layer_1.png 635w, https:\/\/elitus.hr\/africainternationaldesignawards\/wp-content\/uploads\/2025\/07\/Layer_1.png 635w, https:\/\/elitus.hr\/africainternationaldesignawards\/wp-content\/uploads\/2025\/07\/Layer_1.png 635w, https:\/\/elitus.hr\/africainternationaldesignawards\/wp-content\/uploads\/2025\/07\/Layer_1.png 635w, https:\/\/elitus.hr\/africainternationaldesignawards\/wp-content\/uploads\/2025\/07\/Layer_1.png 635w, https:\/\/elitus.hr\/africainternationaldesignawards\/wp-content\/uploads\/2025\/07\/Layer_1-550x549.png 550w\" class=\"image-text__image\" alt=\"\" width=\"635\" height=\"634\">          <\/div>\n        \n        <div class=\"image-text__text\">\n                      <h2 class=\"image-text__heading launimation slideLeft \">AIDA Awards is Driven by Collaboration<\/h2>\n          \n                      <div class=\"image-text__desc launimation slideLeft \">\n              <p data-start=\"167\" data-end=\"552\"><a href=\"https:\/\/www.3cawards.com\/\">3C Awards Group<\/a> is a professional organisation that develops platforms dedicated to promoting Architecture and Design internationally, with the ambition of launching an initiative in the African region. <a href=\"\/\/www.africadesign.school\">Africa Design School<\/a> (ADS), the first non-profit design school in West Africa, is committed to nurturing talent and drawing on proven expertise.<\/p>\n<h3 data-start=\"554\" data-end=\"572\">About 3C Group<\/h3>\n<p data-start=\"574\" data-end=\"895\"><a class=\"decorated-link\" href=\"https:\/\/www.3cawards.com\" target=\"_new\" rel=\"noopener\" data-start=\"574\" data-end=\"636\">Africa International Design Awards<\/a> is a programme under 3C Awards, a leading organisation curating and promoting design across the globe. The company represents today\u2019s diversity and innovation in lighting design, sport design, shoe design, furniture design, interior design, and architecture.<\/p>\n<p data-start=\"897\" data-end=\"1284\">Developed by Hossein Farmani and Astrid H\u00e9bert, 3C Awards is part of a larger organisation called 3C Group, specialising in awards, marketing, media, and events. 3C Awards is under Three C Group GmbH, a Swiss-registered company based at Grabenstrasse 15a, 6340 Baar, Switzerland. More information is available at: <a class=\"decorated-link\" href=\"https:\/\/www.3cawards.com\" target=\"_new\" rel=\"noopener\" data-start=\"1239\" data-end=\"1283\">www.3Cawards.com<\/a>.<\/p>\n\t\t  \t<\/div>\n          \n\t\t  \n                  <\/div>\n\n      <\/div><!-- container-double -->\n    <\/div><!-- container -->\n\n  <\/section>\n\n\n\n\n  <section id=\"aida-awards-website-was-designed-by-the-students-of-the-africa-design-school\" class=\"section image-text  \" data-delay=\"500\">\n\n    <div class=\"container\">\n      <div class=\"image-text__wrapper image-text__wrapper--reversed image-text__wrapper--60 align-items--start\">\n\n                  <div class=\"image-text__images launimation slideRight\">\n            <img decoding=\"async\" loading=\"lazy\" loading=\"lazy\" data-src=\"https:\/\/elitus.hr\/africainternationaldesignawards\/wp-content\/uploads\/2025\/09\/ads-photo-website-1024x569.png\" data-srcset=\"https:\/\/elitus.hr\/africainternationaldesignawards\/wp-content\/uploads\/2025\/09\/ads-photo-website-1920x1066.png 1920w, https:\/\/elitus.hr\/africainternationaldesignawards\/wp-content\/uploads\/2025\/09\/ads-photo-website-1600x889.png 1600w, https:\/\/elitus.hr\/africainternationaldesignawards\/wp-content\/uploads\/2025\/09\/ads-photo-website-1366x759.png 1366w, https:\/\/elitus.hr\/africainternationaldesignawards\/wp-content\/uploads\/2025\/09\/ads-photo-website-1024x569.png 1024w, https:\/\/elitus.hr\/africainternationaldesignawards\/wp-content\/uploads\/2025\/09\/ads-photo-website-768x427.png 768w, https:\/\/elitus.hr\/africainternationaldesignawards\/wp-content\/uploads\/2025\/09\/ads-photo-website-550x305.png 550w\"sizes=\"auto, (max-width: 990px) 100vw, 700px\" src=\"https:\/\/elitus.hr\/africainternationaldesignawards\/wp-content\/uploads\/2025\/09\/ads-photo-website-150x83.png\" srcset=\"https:\/\/elitus.hr\/africainternationaldesignawards\/wp-content\/uploads\/2025\/09\/ads-photo-website-1920x1066.png 1920w, https:\/\/elitus.hr\/africainternationaldesignawards\/wp-content\/uploads\/2025\/09\/ads-photo-website-1600x889.png 1600w, https:\/\/elitus.hr\/africainternationaldesignawards\/wp-content\/uploads\/2025\/09\/ads-photo-website-1366x759.png 1366w, https:\/\/elitus.hr\/africainternationaldesignawards\/wp-content\/uploads\/2025\/09\/ads-photo-website-1024x569.png 1024w, https:\/\/elitus.hr\/africainternationaldesignawards\/wp-content\/uploads\/2025\/09\/ads-photo-website-768x427.png 768w, https:\/\/elitus.hr\/africainternationaldesignawards\/wp-content\/uploads\/2025\/09\/ads-photo-website-550x305.png 550w\" class=\"image-text__image\" alt=\"\" width=\"1024\" height=\"569\">          <\/div>\n        \n        <div class=\"image-text__text\">\n                      <h2 class=\"image-text__heading launimation slideLeft \">AIDA Awards Website Was Designed by the Students of the Africa Design School<\/h2>\n          \n                      <div class=\"image-text__desc launimation slideLeft \">\n              <p data-start=\"1105\" data-end=\"1410\">The AIDA Awards is a truly collaborative journey, brought to life through the creativity of students in the Digital Design programme at the Africa Design School. With passion and innovation, they created a vibrant, user-friendly platform that proudly highlights Africa\u2019s next generation of digital talent.<\/p>\n<p data-start=\"1412\" data-end=\"1926\">A heartfelt thank you to all the students for their creativity and dedication to the AIDA Awards website project: Sogbedji Gloria, Hontonnou Olmelt, Hounkponou Rihanath Imelda, Djokoui Lionel Exauce, Atchahoue Sullivan Senou, Agueh Harris, Dossou Marie Stella Tifania, Nouatin Freude Jouvince, Bassaley Astrid Hyacinthia, Tometin Resnick, Dantondji Keren Apphia, Azmi Malick, Nadjo Shekina, Godjo Esdra Guillaume, Abibou Haniyath, Djety Emmanuel, Afangbedji Roxanne, Adossou Gilihiest, and Dah N. Gbekounou Jorden.<\/p>\n\t\t  \t<\/div>\n          \n\t\t  \n                  <\/div>\n\n      <\/div><!-- container-double -->\n    <\/div><!-- container -->\n\n  <\/section>\n\n\n\n\n  <section id=\"africa-design-school-cotonou-benin\" class=\"section image-text  \" data-delay=\"500\">\n\n    <div class=\"container\">\n      <div class=\"image-text__wrapper  image-text__wrapper--30 align-items--start\">\n\n                  <div class=\"image-text__images launimation slideRight\">\n            <img decoding=\"async\" loading=\"lazy\" loading=\"lazy\" data-src=\"https:\/\/elitus.hr\/africainternationaldesignawards\/wp-content\/uploads\/2025\/07\/AADS_LOGO_Blanc-fond-rouge-1-scaled-1-1024x819.png\" data-srcset=\"https:\/\/elitus.hr\/africainternationaldesignawards\/wp-content\/uploads\/2025\/07\/AADS_LOGO_Blanc-fond-rouge-1-scaled-1-1920x1536.png 1920w, https:\/\/elitus.hr\/africainternationaldesignawards\/wp-content\/uploads\/2025\/07\/AADS_LOGO_Blanc-fond-rouge-1-scaled-1-1600x1280.png 1600w, https:\/\/elitus.hr\/africainternationaldesignawards\/wp-content\/uploads\/2025\/07\/AADS_LOGO_Blanc-fond-rouge-1-scaled-1-1366x1093.png 1366w, https:\/\/elitus.hr\/africainternationaldesignawards\/wp-content\/uploads\/2025\/07\/AADS_LOGO_Blanc-fond-rouge-1-scaled-1-1024x819.png 1024w, https:\/\/elitus.hr\/africainternationaldesignawards\/wp-content\/uploads\/2025\/07\/AADS_LOGO_Blanc-fond-rouge-1-scaled-1-768x614.png 768w, https:\/\/elitus.hr\/africainternationaldesignawards\/wp-content\/uploads\/2025\/07\/AADS_LOGO_Blanc-fond-rouge-1-scaled-1-550x440.png 550w\"sizes=\"auto, (max-width: 990px) 100vw, 500px\" src=\"https:\/\/elitus.hr\/africainternationaldesignawards\/wp-content\/uploads\/2025\/07\/AADS_LOGO_Blanc-fond-rouge-1-scaled-1-150x120.png\" srcset=\"https:\/\/elitus.hr\/africainternationaldesignawards\/wp-content\/uploads\/2025\/07\/AADS_LOGO_Blanc-fond-rouge-1-scaled-1-1920x1536.png 1920w, https:\/\/elitus.hr\/africainternationaldesignawards\/wp-content\/uploads\/2025\/07\/AADS_LOGO_Blanc-fond-rouge-1-scaled-1-1600x1280.png 1600w, https:\/\/elitus.hr\/africainternationaldesignawards\/wp-content\/uploads\/2025\/07\/AADS_LOGO_Blanc-fond-rouge-1-scaled-1-1366x1093.png 1366w, https:\/\/elitus.hr\/africainternationaldesignawards\/wp-content\/uploads\/2025\/07\/AADS_LOGO_Blanc-fond-rouge-1-scaled-1-1024x819.png 1024w, https:\/\/elitus.hr\/africainternationaldesignawards\/wp-content\/uploads\/2025\/07\/AADS_LOGO_Blanc-fond-rouge-1-scaled-1-768x614.png 768w, https:\/\/elitus.hr\/africainternationaldesignawards\/wp-content\/uploads\/2025\/07\/AADS_LOGO_Blanc-fond-rouge-1-scaled-1-550x440.png 550w\" class=\"image-text__image\" alt=\"\" width=\"1024\" height=\"819\">          <\/div>\n        \n        <div class=\"image-text__text\">\n                      <h2 class=\"image-text__heading launimation slideRight \">Africa Design School &#8211; Cotonou, Benin<\/h2>\n          \n                      <div class=\"image-text__desc launimation slideRight \">\n              <p data-start=\"219\" data-end=\"610\"><a class=\"decorated-link cursor-pointer\" target=\"_new\" rel=\"noopener\" data-start=\"219\" data-end=\"277\">Africa Design School<\/a> is a design school that trains designers to international standards, empowering them to make Africa shine on the global stage. Initiated by the \u00c9cole de Design de Nantes Atlantique and supported by the S\u00e8m\u00e8 City Development Agency, the school opened its doors in 2019 in Cotonou with the mission of training designers across Africa.<\/p>\n<p data-start=\"612\" data-end=\"947\">The school was created to address the challenges faced by businesses, public services, and startups on the continent, which must adapt to new paradigms of creation, digital culture, sustainable cities, and user experience. To achieve this, Africa Design School has established a strong pedagogical model and a comprehensive curriculum.<\/p>\n<p data-start=\"949\" data-end=\"1208\">The courses are centred around project-based pedagogy, which involves learning the design process in workshops where students develop both their creativity and personal skills in analysis and critique \u2014 essential foundations for their future roles as designers.<\/p>\n<p data-start=\"1210\" data-end=\"1615\">The <strong>AIDA Awards website<\/strong> was proudly designed by talented students from <strong>Africa Design School<\/strong> in Cotonou, Benin. Guided by their instructors, these emerging designers brought the platform to life \u2014 blending creativity, clarity, and cultural relevance. Their contribution reflects the next generation of African design excellence, and we are honoured to showcase their work at the heart of the AIDA initiative.<\/p>\n\t\t  \t<\/div>\n          \n\t\t  \t\t\t<div class=\"image-text__image-list\">\n\t\t\t\t\t\t\t\t\t<img decoding=\"async\" loading=\"lazy\" loading=\"lazy\" data-src=\"https:\/\/elitus.hr\/africainternationaldesignawards\/wp-content\/uploads\/2025\/07\/Nantes.png\" data-srcset=\"https:\/\/elitus.hr\/africainternationaldesignawards\/wp-content\/uploads\/2025\/07\/Nantes.png 400w, https:\/\/elitus.hr\/africainternationaldesignawards\/wp-content\/uploads\/2025\/07\/Nantes.png 400w, https:\/\/elitus.hr\/africainternationaldesignawards\/wp-content\/uploads\/2025\/07\/Nantes.png 400w, https:\/\/elitus.hr\/africainternationaldesignawards\/wp-content\/uploads\/2025\/07\/Nantes.png 400w, https:\/\/elitus.hr\/africainternationaldesignawards\/wp-content\/uploads\/2025\/07\/Nantes.png 400w, https:\/\/elitus.hr\/africainternationaldesignawards\/wp-content\/uploads\/2025\/07\/Nantes.png 400w\"sizes=\"auto, medium\" src=\"https:\/\/elitus.hr\/africainternationaldesignawards\/wp-content\/uploads\/2025\/07\/Nantes-150x150.png\" srcset=\"https:\/\/elitus.hr\/africainternationaldesignawards\/wp-content\/uploads\/2025\/07\/Nantes.png 400w, https:\/\/elitus.hr\/africainternationaldesignawards\/wp-content\/uploads\/2025\/07\/Nantes.png 400w, https:\/\/elitus.hr\/africainternationaldesignawards\/wp-content\/uploads\/2025\/07\/Nantes.png 400w, https:\/\/elitus.hr\/africainternationaldesignawards\/wp-content\/uploads\/2025\/07\/Nantes.png 400w, https:\/\/elitus.hr\/africainternationaldesignawards\/wp-content\/uploads\/2025\/07\/Nantes.png 400w, https:\/\/elitus.hr\/africainternationaldesignawards\/wp-content\/uploads\/2025\/07\/Nantes.png 400w\" class=\"image-text__image-list-item launimation slideLeft\" alt=\"\" width=\"400\" height=\"400\">\t\t\t\t\t\t\t\t\t<img decoding=\"async\" loading=\"lazy\" loading=\"lazy\" data-src=\"https:\/\/elitus.hr\/africainternationaldesignawards\/wp-content\/uploads\/2025\/07\/Sene-city-logo.jpeg\" data-srcset=\"https:\/\/elitus.hr\/africainternationaldesignawards\/wp-content\/uploads\/2025\/07\/Sene-city-logo.jpeg 225w, https:\/\/elitus.hr\/africainternationaldesignawards\/wp-content\/uploads\/2025\/07\/Sene-city-logo.jpeg 225w, https:\/\/elitus.hr\/africainternationaldesignawards\/wp-content\/uploads\/2025\/07\/Sene-city-logo.jpeg 225w, https:\/\/elitus.hr\/africainternationaldesignawards\/wp-content\/uploads\/2025\/07\/Sene-city-logo.jpeg 225w, https:\/\/elitus.hr\/africainternationaldesignawards\/wp-content\/uploads\/2025\/07\/Sene-city-logo.jpeg 225w, https:\/\/elitus.hr\/africainternationaldesignawards\/wp-content\/uploads\/2025\/07\/Sene-city-logo.jpeg 225w\"sizes=\"auto, medium\" src=\"https:\/\/elitus.hr\/africainternationaldesignawards\/wp-content\/uploads\/2025\/07\/Sene-city-logo-150x150.jpeg\" srcset=\"https:\/\/elitus.hr\/africainternationaldesignawards\/wp-content\/uploads\/2025\/07\/Sene-city-logo.jpeg 225w, https:\/\/elitus.hr\/africainternationaldesignawards\/wp-content\/uploads\/2025\/07\/Sene-city-logo.jpeg 225w, https:\/\/elitus.hr\/africainternationaldesignawards\/wp-content\/uploads\/2025\/07\/Sene-city-logo.jpeg 225w, https:\/\/elitus.hr\/africainternationaldesignawards\/wp-content\/uploads\/2025\/07\/Sene-city-logo.jpeg 225w, https:\/\/elitus.hr\/africainternationaldesignawards\/wp-content\/uploads\/2025\/07\/Sene-city-logo.jpeg 225w, https:\/\/elitus.hr\/africainternationaldesignawards\/wp-content\/uploads\/2025\/07\/Sene-city-logo.jpeg 225w\" class=\"image-text__image-list-item launimation slideLeft\" alt=\"\" width=\"225\" height=\"225\">\t\t\t\t\t\t\t<\/div>\n\t\t  \n                  <\/div>\n\n      <\/div><!-- container-double -->\n    <\/div><!-- container -->\n\n  <\/section>\n\n\n\n\n  <section id=\"3c-awards-group\" class=\"section image-text  \" data-delay=\"500\">\n\n    <div class=\"container\">\n      <div class=\"image-text__wrapper image-text__wrapper--reversed image-text__wrapper--30 align-items--start\">\n\n                  <div class=\"image-text__images launimation slideRight\">\n            <img decoding=\"async\" loading=\"lazy\" loading=\"lazy\" data-src=\"https:\/\/elitus.hr\/africainternationaldesignawards\/wp-content\/uploads\/2025\/07\/3cAwards-Color-logo-1024x921.png\" data-srcset=\"https:\/\/elitus.hr\/africainternationaldesignawards\/wp-content\/uploads\/2025\/07\/3cAwards-Color-logo.png 1300w, https:\/\/elitus.hr\/africainternationaldesignawards\/wp-content\/uploads\/2025\/07\/3cAwards-Color-logo.png 1300w, https:\/\/elitus.hr\/africainternationaldesignawards\/wp-content\/uploads\/2025\/07\/3cAwards-Color-logo.png 1300w, https:\/\/elitus.hr\/africainternationaldesignawards\/wp-content\/uploads\/2025\/07\/3cAwards-Color-logo-1024x921.png 1024w, https:\/\/elitus.hr\/africainternationaldesignawards\/wp-content\/uploads\/2025\/07\/3cAwards-Color-logo-768x691.png 768w, https:\/\/elitus.hr\/africainternationaldesignawards\/wp-content\/uploads\/2025\/07\/3cAwards-Color-logo-550x495.png 550w\"sizes=\"auto, (max-width: 990px) 100vw, 500px\" src=\"https:\/\/elitus.hr\/africainternationaldesignawards\/wp-content\/uploads\/2025\/07\/3cAwards-Color-logo-150x135.png\" srcset=\"https:\/\/elitus.hr\/africainternationaldesignawards\/wp-content\/uploads\/2025\/07\/3cAwards-Color-logo.png 1300w, https:\/\/elitus.hr\/africainternationaldesignawards\/wp-content\/uploads\/2025\/07\/3cAwards-Color-logo.png 1300w, https:\/\/elitus.hr\/africainternationaldesignawards\/wp-content\/uploads\/2025\/07\/3cAwards-Color-logo.png 1300w, https:\/\/elitus.hr\/africainternationaldesignawards\/wp-content\/uploads\/2025\/07\/3cAwards-Color-logo-1024x921.png 1024w, https:\/\/elitus.hr\/africainternationaldesignawards\/wp-content\/uploads\/2025\/07\/3cAwards-Color-logo-768x691.png 768w, https:\/\/elitus.hr\/africainternationaldesignawards\/wp-content\/uploads\/2025\/07\/3cAwards-Color-logo-550x495.png 550w\" class=\"image-text__image\" alt=\"\" width=\"1024\" height=\"921\">          <\/div>\n        \n        <div class=\"image-text__text\">\n                      <h2 class=\"image-text__heading launimation slideLeft \">3C Awards Group<\/h2>\n          \n                      <div class=\"image-text__desc launimation slideLeft \">\n              <p data-start=\"145\" data-end=\"256\"><a href=\"https:\/\/www.3cawards.com\/\">3C Awards Group<\/a> is a leading organisation curating and promoting design across the globe.<\/p>\n<p data-start=\"258\" data-end=\"523\">The company\u2019s key mission is to promote design by rewarding outstanding work, exhibiting it, developing designer and artist communities, providing networking opportunities, and fostering the appreciation of design excellence through education, outreach, and grants.<\/p>\n<p data-start=\"525\" data-end=\"821\">The 3C Awards represent today\u2019s diversity and innovation in lighting design, furniture design, sports design, interior design, and architecture. Each brand is a symbol of design excellence worldwide, showcasing the work of professional and emerging designers to more than 100 expert jury members.<\/p>\n<p data-start=\"823\" data-end=\"1026\">With entries submitted from 65 countries each year, the 3C Awards offer designers and students from around the world a unique opportunity to reach new markets, increase exposure, and gain media coverage.<\/p>\n\t\t  \t<\/div>\n          \n\t\t  \n                  <\/div>\n\n      <\/div><!-- container-double -->\n    <\/div><!-- container -->\n\n  <\/section>\n\n","protected":false},"excerpt":{"rendered":"","protected":false},"author":1,"featured_media":0,"parent":0,"menu_order":1,"comment_status":"closed","ping_status":"closed","template":"","meta":{"_acf_changed":false,"footnotes":""},"class_list":["post-273","page","type-page","status-publish","hentry"],"acf":[],"_links":{"self":[{"href":"https:\/\/elitus.hr\/africainternationaldesignawards\/wp-json\/wp\/v2\/pages\/273","targetHints":{"allow":["GET"]}}],"collection":[{"href":"https:\/\/elitus.hr\/africainternationaldesignawards\/wp-json\/wp\/v2\/pages"}],"about":[{"href":"https:\/\/elitus.hr\/africainternationaldesignawards\/wp-json\/wp\/v2\/types\/page"}],"author":[{"embeddable":true,"href":"https:\/\/elitus.hr\/africainternationaldesignawards\/wp-json\/wp\/v2\/users\/1"}],"replies":[{"embeddable":true,"href":"https:\/\/elitus.hr\/africainternationaldesignawards\/wp-json\/wp\/v2\/comments?post=273"}],"version-history":[{"count":25,"href":"https:\/\/elitus.hr\/africainternationaldesignawards\/wp-json\/wp\/v2\/pages\/273\/revisions"}],"predecessor-version":[{"id":2161,"href":"https:\/\/elitus.hr\/africainternationaldesignawards\/wp-json\/wp\/v2\/pages\/273\/revisions\/2161"}],"wp:attachment":[{"href":"https:\/\/elitus.hr\/africainternationaldesignawards\/wp-json\/wp\/v2\/media?parent=273"}],"curies":[{"name":"wp","href":"https:\/\/api.w.org\/{rel}","templated":true}]}}